{"id":11,"date":"2014-12-09T13:05:18","date_gmt":"2014-12-09T13:05:18","guid":{"rendered":"http:\/\/ecolecaritas.be\/new\/?page_id=11"},"modified":"2025-09-07T19:57:01","modified_gmt":"2025-09-07T17:57:01","slug":"lequipe-pedagogique","status":"publish","type":"page","link":"https:\/\/ecolecaritas.be\/new\/lequipe-pedagogique\/","title":{"rendered":"L&rsquo;\u00e9quipe p\u00e9dagogique"},"content":{"rendered":"<p><img loading=\"lazy\" decoding=\"async\" class=\"alignnone wp-image-160631 size-large\" src=\"https:\/\/ecolecaritas.be\/new\/wp-content\/uploads\/2024\/03\/photo-prof-mars-2024-1-600x450.jpg\" alt=\"\" width=\"600\" height=\"450\" srcset=\"https:\/\/ecolecaritas.be\/new\/wp-content\/uploads\/2024\/03\/photo-prof-mars-2024-1-600x450.jpg 600w, https:\/\/ecolecaritas.be\/new\/wp-content\/uploads\/2024\/03\/photo-prof-mars-2024-1-300x225.jpg 300w, https:\/\/ecolecaritas.be\/new\/wp-content\/uploads\/2024\/03\/photo-prof-mars-2024-1-768x576.jpg 768w, https:\/\/ecolecaritas.be\/new\/wp-content\/uploads\/2024\/03\/photo-prof-mars-2024-1-1536x1152.jpg 1536w, https:\/\/ecolecaritas.be\/new\/wp-content\/uploads\/2024\/03\/photo-prof-mars-2024-1-678x509.jpg 678w, https:\/\/ecolecaritas.be\/new\/wp-content\/uploads\/2024\/03\/photo-prof-mars-2024-1-326x245.jpg 326w, https:\/\/ecolecaritas.be\/new\/wp-content\/uploads\/2024\/03\/photo-prof-mars-2024-1-80x60.jpg 80w, https:\/\/ecolecaritas.be\/new\/wp-content\/uploads\/2024\/03\/photo-prof-mars-2024-1-1320x990.jpg 1320w, https:\/\/ecolecaritas.be\/new\/wp-content\/uploads\/2024\/03\/photo-prof-mars-2024-1.jpg 2048w\" sizes=\"auto, (max-width: 600px) 100vw, 600px\" \/><\/p>\n<p>L\u2019\u00e9quipe p\u00e9dagogique est compos\u00e9e d&rsquo;une vingtaine de personnes.<\/p>\n<p><strong><sub>La direction\u00a0:<\/sub><\/strong><\/p>\n<p>Mme Lauriane Louvigny<\/p>\n<p><strong><sub>L\u2019\u00e9quipe maternelle 2024-2025 :<\/sub><\/strong><\/p>\n<ul>\n<li>\n<div class=\"x_elementToProof\">Acc\/M1 = Madame Delphine et Madame Aurore Maricq<\/div>\n<\/li>\n<li>\n<div class=\"x_elementToProof\">M2\/M3J = Mme Christine Pensis<\/div>\n<\/li>\n<li>\n<div class=\"x_elementToProof\"><span style=\"color: initial;\">La psychomotricit\u00e9\u00a0: Mme Laurence Vers\u00e9<\/span><\/div>\n<\/li>\n<\/ul>\n<p><strong><sub>L\u2019\u00e9quipe primaire 2024-2025:<\/sub><\/strong><\/p>\n<ul>\n<li>P1\/P2 = Mme Nathalie Chaudoir et Mme Pauline Li\u00e9geois<\/li>\n<li>\n<div class=\"x_elementToProof\">P3\/P4 = Mme Marie Caroline Meert<\/div>\n<\/li>\n<li>\n<div class=\"x_elementToProof\">P5\/P6 = Mme Claire Pensis<\/div>\n<\/li>\n<li>Poluvalance: Mme Alice Lallouette<\/li>\n<li><\/li>\n<li>La gymnastique : Mme Emilie Kersten<\/li>\n<li>Le n\u00e9erlandais : Mme He\u00efdi P3, P4, P5 et P6<\/li>\n<li>La religion : Mme Christine Bolmain<\/li>\n<\/ul>\n<p><strong>Accueil extrascolaire 2025-2026 via Les Copains du sport:\u00a0 <a href=\"https:\/\/www.lescopainsdusport.be\/\">www.LesCopainsdusport.be<\/a>\u00a0\u00a0<\/strong><\/p>\n<p><strong>*Matin : Dorota Vandersmissen, Laetitia Bodart<\/strong><\/p>\n<p><strong>*Midi : Dorota Vandersmissen, Jean-Fran\u00e7ois Keyaerts,Laetitia Bodart, Viviane Vanhoegarden et Christian Vandervelde<\/strong><\/p>\n<p><strong>*Soir : Carine, Chantal, Dorota et Jean-Fran\u00e7ois<\/strong><\/p>\n<p><strong>*Etude : Mme Alice Lallouette et Mme Pauline Li\u00e9geois<\/strong><\/p>\n<p><strong>\u00a0<\/strong><strong><sub>Le Secr\u00e9tariat:<\/sub><\/strong><\/p>\n<ul>\n<li>Madame Sandrine Lourtie<\/li>\n<\/ul>\n<p><strong><sub>Maintenance du b\u00e2timent\u00a0:<\/sub><\/strong><\/p>\n<ul>\n<li>Monsieur Paul Blampain<\/li>\n<\/ul>\n","protected":false},"excerpt":{"rendered":"<div class=\"mh-excerpt\"><p>L\u2019\u00e9quipe p\u00e9dagogique est compos\u00e9e d&rsquo;une vingtaine de personnes. La direction\u00a0: Mme Lauriane Louvigny L\u2019\u00e9quipe maternelle 2024-2025 : Acc\/M1 = Madame Delphine et Madame Aurore Maricq <a class=\"mh-excerpt-more\" href=\"https:\/\/ecolecaritas.be\/new\/lequipe-pedagogique\/\" title=\"L&rsquo;\u00e9quipe p\u00e9dagogique\">[&#8230;]<\/a><\/p>\n<\/div>","protected":false},"author":1,"featured_media":0,"parent":0,"menu_order":0,"comment_status":"closed","ping_status":"open","template":"","meta":{"footnotes":""},"class_list":["post-11","page","type-page","status-publish","hentry"],"_links":{"self":[{"href":"https:\/\/ecolecaritas.be\/new\/wp-json\/wp\/v2\/pages\/11","targetHints":{"allow":["GET"]}}],"collection":[{"href":"https:\/\/ecolecaritas.be\/new\/wp-json\/wp\/v2\/pages"}],"about":[{"href":"https:\/\/ecolecaritas.be\/new\/wp-json\/wp\/v2\/types\/page"}],"author":[{"embeddable":true,"href":"https:\/\/ecolecaritas.be\/new\/wp-json\/wp\/v2\/users\/1"}],"replies":[{"embeddable":true,"href":"https:\/\/ecolecaritas.be\/new\/wp-json\/wp\/v2\/comments?post=11"}],"version-history":[{"count":33,"href":"https:\/\/ecolecaritas.be\/new\/wp-json\/wp\/v2\/pages\/11\/revisions"}],"predecessor-version":[{"id":162853,"href":"https:\/\/ecolecaritas.be\/new\/wp-json\/wp\/v2\/pages\/11\/revisions\/162853"}],"wp:attachment":[{"href":"https:\/\/ecolecaritas.be\/new\/wp-json\/wp\/v2\/media?parent=11"}],"curies":[{"name":"wp","href":"https:\/\/api.w.org\/{rel}","templated":true}]}}