{"id":158046,"date":"2023-05-05T21:41:00","date_gmt":"2023-05-05T19:41:00","guid":{"rendered":"https:\/\/ecolecaritas.be\/new\/?page_id=158046"},"modified":"2025-12-10T20:53:03","modified_gmt":"2025-12-10T19:53:03","slug":"jobs","status":"publish","type":"page","link":"https:\/\/ecolecaritas.be\/new\/jobs\/","title":{"rendered":"Jobs"},"content":{"rendered":"\n<p><\/p>\n\n\n\n<p><\/p>\n\n\n\n<p><strong><mark style=\"background-color:rgba(0, 0, 0, 0)\" class=\"has-inline-color has-luminous-vivid-amber-color\">Poste vacant: Membre ou 2 du Pouvoir Organisateur, responsable pour tout ce qui informatique<\/mark><\/strong><\/p>\n\n\n\n<p class=\"has-small-font-size\">Le Pouvoir Organisateur de l\u2019\u00e9cole Caritas est \u00e0 la recherche d\u2019un nouveau membre. Plus sp\u00e9cifiquement, nous cherchons une personne pour g\u00e9rer tout le domaine informatique (IT) \u00e0 partir de la nouvelle ann\u00e9e scolaire 2023-2024 (mi-ao\u00fbt).<br>Gestion de l\u2019infrastructure :<\/p>\n\n\n\n<ul class=\"wp-block-list\">\n<li class=\"has-small-font-size\">Firewall (Fortinet)<\/li>\n\n\n\n<li class=\"has-small-font-size\">Switches<\/li>\n\n\n\n<li class=\"has-small-font-size\">Wifi\u2019s + acc\u00e8s<\/li>\n\n\n\n<li class=\"has-small-font-size\">Ordinateurs<\/li>\n\n\n\n<li class=\"has-small-font-size\">Stock mat\u00e9riel IT<\/li>\n\n\n\n<li class=\"has-small-font-size\">Gestion des adresses mails professionnelles, ensemble avec le \u00ab Club des Six \u00bb (f\u00e9d\u00e9ration de six \u00e9coles)<br>G\u00e9rer la communication vers l\u2019ext\u00e9rieur :<\/li>\n\n\n\n<li class=\"has-small-font-size\">Site web : H\u00e9bergement, WordPress, newsletters (envoi), \u2026 (le contenu du blog est plac\u00e9 par l\u2019\u00e9quipe \u00e9ducative)<\/li>\n\n\n\n<li class=\"has-small-font-size\">Google, Facebook, \u2026 (SEO, strat\u00e9gie)<br>&#8211;> G\u00e9rer et mettre en place un planning et une strat\u00e9gie pour continuer \u00e0 informatiser l\u2019\u00e9cole. &#8211;> Support des professeurs, de l\u2019administration et de la direction pour toutes leurs questions informatiques.<br>Si cela vous tente, envoyez un mail \u00e0 Tresorierpo@caritas.cd6.be<\/li>\n<\/ul>\n\n\n\n<p><strong><mark style=\"background-color:rgba(0, 0, 0, 0)\" class=\"has-inline-color has-luminous-vivid-amber-color\">L\u2019\u00e9cole Caritas recherche des b\u00e9n\u00e9voles, ALE ou \u00e9tudiant(e)s pour renforcer son \u00e9quipe d\u2019accueillant(e)s extrascolaires&nbsp;<\/mark><\/strong><\/p>\n\n\n\n<p class=\"has-small-font-size\">Notre \u00e9quipe&nbsp;extrascolaire accueille les enfants de 2,5 \u00e0 12 ans le matin et\/ou le soir et\/ou le mercredi apr\u00e8s-midi.&nbsp;&nbsp;<\/p>\n\n\n\n<p class=\"has-small-font-size\">L\u2019accueillant(e) extrascolaire anime les enfants et les encadre.&nbsp;Il veille a\u00cc la se\u00eccurite\u00ec physique et affective des enfants.&nbsp;Il\/elle est&nbsp;a\u00cc l&rsquo;e\u00eccoute des enfants, veille a\u00cc re\u00ecpondre a\u00cc leurs besoins. Il\/elle est en relation avec les parents qui confient leur enfant.&nbsp;&nbsp;<\/p>\n\n\n\n<p class=\"has-small-font-size\">Vous \u00eates s\u00e9rieux, ponctuel, motiv\u00e9 par ce travail en \u00e9quipe aupr\u00e8s des enfants et libre pour travailler quelques heures par semaine dans notre \u00e9cole? N\u2019h\u00e9sitez pas \u00e0 nous contacter au 010\/86.64.51 ou via e-mail:&nbsp;<a href=\"mailto:direction@ecolecaritas.be\">direction@ecolecaritas.be<\/a>&nbsp;<\/p>\n","protected":false},"excerpt":{"rendered":"<div class=\"mh-excerpt\"><p>Poste vacant: Membre ou 2 du Pouvoir Organisateur, responsable pour tout ce qui informatique Le Pouvoir Organisateur de l\u2019\u00e9cole Caritas est \u00e0 la recherche d\u2019un <a class=\"mh-excerpt-more\" href=\"https:\/\/ecolecaritas.be\/new\/jobs\/\" title=\"Jobs\">[&#8230;]<\/a><\/p>\n<\/div>","protected":false},"author":2,"featured_media":0,"parent":0,"menu_order":0,"comment_status":"closed","ping_status":"closed","template":"","meta":{"footnotes":""},"class_list":["post-158046","page","type-page","status-publish","hentry"],"_links":{"self":[{"href":"https:\/\/ecolecaritas.be\/new\/wp-json\/wp\/v2\/pages\/158046","targetHints":{"allow":["GET"]}}],"collection":[{"href":"https:\/\/ecolecaritas.be\/new\/wp-json\/wp\/v2\/pages"}],"about":[{"href":"https:\/\/ecolecaritas.be\/new\/wp-json\/wp\/v2\/types\/page"}],"author":[{"embeddable":true,"href":"https:\/\/ecolecaritas.be\/new\/wp-json\/wp\/v2\/users\/2"}],"replies":[{"embeddable":true,"href":"https:\/\/ecolecaritas.be\/new\/wp-json\/wp\/v2\/comments?post=158046"}],"version-history":[{"count":11,"href":"https:\/\/ecolecaritas.be\/new\/wp-json\/wp\/v2\/pages\/158046\/revisions"}],"predecessor-version":[{"id":162931,"href":"https:\/\/ecolecaritas.be\/new\/wp-json\/wp\/v2\/pages\/158046\/revisions\/162931"}],"wp:attachment":[{"href":"https:\/\/ecolecaritas.be\/new\/wp-json\/wp\/v2\/media?parent=158046"}],"curies":[{"name":"wp","href":"https:\/\/api.w.org\/{rel}","templated":true}]}}