{"id":21,"date":"2014-12-09T13:05:37","date_gmt":"2014-12-09T13:05:37","guid":{"rendered":"http:\/\/ecolecaritas.be\/new\/?page_id=21"},"modified":"2025-09-07T19:38:24","modified_gmt":"2025-09-07T17:38:24","slug":"lequipe-du-po","status":"publish","type":"page","link":"https:\/\/ecolecaritas.be\/new\/lequipe-du-po\/","title":{"rendered":"L&rsquo;\u00e9quipe du PO"},"content":{"rendered":"<p>Le Pouvoir Organisateur rassemble des personnes qui souhaitent s&rsquo;engager b\u00e9n\u00e9volement au service de l&rsquo;\u00e9cole Caritas.<\/p>\n<p>Chacun apporte ses comp\u00e9tences (juriste, travaux et b\u00e2timent, comptabilit\u00e9, gestion des ressources humaines, etc.).<\/p>\n<p>Actuellement, l&rsquo;\u00e9quipe rassemble:<\/p>\n<p>&#8211; Quentin Roberti de Winghe (pr\u00e9sident)<\/p>\n<p>&#8211; Karen Derwael (tr\u00e9sori\u00e8re)<\/p>\n<p>&#8211; Caroline Vanden Dael (secr\u00e9taire)<\/p>\n<p>-Nathalie Tabordon (B\u00e2timent)<\/p>\n<p>-Samuel Jacquemin<\/p>\n<p>-Francis Lemaire<\/p>\n<p>-Caroline Lovens (Macau)<\/p>\n<p>&#8211; P\u00e8re Guillaume<\/p>\n<p>&#8211; xxxx (responsable ICT)<\/p>\n","protected":false},"excerpt":{"rendered":"<div class=\"mh-excerpt\"><p>Le Pouvoir Organisateur rassemble des personnes qui souhaitent s&rsquo;engager b\u00e9n\u00e9volement au service de l&rsquo;\u00e9cole Caritas. Chacun apporte ses comp\u00e9tences (juriste, travaux et b\u00e2timent, comptabilit\u00e9, gestion <a class=\"mh-excerpt-more\" href=\"https:\/\/ecolecaritas.be\/new\/lequipe-du-po\/\" title=\"L&rsquo;\u00e9quipe du PO\">[&#8230;]<\/a><\/p>\n<\/div>","protected":false},"author":1,"featured_media":0,"parent":0,"menu_order":0,"comment_status":"closed","ping_status":"open","template":"","meta":{"footnotes":""},"class_list":["post-21","page","type-page","status-publish","hentry"],"_links":{"self":[{"href":"https:\/\/ecolecaritas.be\/new\/wp-json\/wp\/v2\/pages\/21","targetHints":{"allow":["GET"]}}],"collection":[{"href":"https:\/\/ecolecaritas.be\/new\/wp-json\/wp\/v2\/pages"}],"about":[{"href":"https:\/\/ecolecaritas.be\/new\/wp-json\/wp\/v2\/types\/page"}],"author":[{"embeddable":true,"href":"https:\/\/ecolecaritas.be\/new\/wp-json\/wp\/v2\/users\/1"}],"replies":[{"embeddable":true,"href":"https:\/\/ecolecaritas.be\/new\/wp-json\/wp\/v2\/comments?post=21"}],"version-history":[{"count":6,"href":"https:\/\/ecolecaritas.be\/new\/wp-json\/wp\/v2\/pages\/21\/revisions"}],"predecessor-version":[{"id":162843,"href":"https:\/\/ecolecaritas.be\/new\/wp-json\/wp\/v2\/pages\/21\/revisions\/162843"}],"wp:attachment":[{"href":"https:\/\/ecolecaritas.be\/new\/wp-json\/wp\/v2\/media?parent=21"}],"curies":[{"name":"wp","href":"https:\/\/api.w.org\/{rel}","templated":true}]}}