{"id":25,"date":"2014-12-09T13:06:13","date_gmt":"2014-12-09T13:06:13","guid":{"rendered":"http:\/\/ecolecaritas.be\/new\/?page_id=25"},"modified":"2024-03-21T21:30:39","modified_gmt":"2024-03-21T20:30:39","slug":"le-club-des-six","status":"publish","type":"page","link":"https:\/\/ecolecaritas.be\/new\/le-club-des-six\/","title":{"rendered":"Le club des six"},"content":{"rendered":"\n<p>Le Club des Six est une asbl qui regroupe les Pouvoirs Organisateurs des 6 \u00e9coles libres des communes de Beauvechain et de Grez-Doiceau:<\/p>\n\n\n\n<p>-Ecole Caritas (Hamme-Mille)<\/p>\n\n\n\n<p>-Ecole La Petite Source (Biez)<\/p>\n\n\n\n<p>-Ecole Saint-Charles (Nodebais)<\/p>\n\n\n\n<p>-Ecole Sainte-Elisabeth (Archennes)<\/p>\n\n\n\n<p>-Ecole Saint Jean-Baptiste (Nethen)<\/p>\n\n\n\n<p>-Ecole Saint-Joseph aux Champs (Grez-Doiceau)<\/p>\n\n\n\n<p>Les 6 PO se sont regroup\u00e9s pour mutualiser certaines d\u00e9penses (passation de march\u00e9s publics en commun, par exemple), et pour engager du personnel, comme notre secr\u00e9taire Mme Sandrine, ou notre ouvrier, Mr Paul. Les 6 directions collaborent \u00e9galement \u00e9troitement (formation, intervision, etc.). <\/p>\n","protected":false},"excerpt":{"rendered":"<div class=\"mh-excerpt\"><p>Le Club des Six est une asbl qui regroupe les Pouvoirs Organisateurs des 6 \u00e9coles libres des communes de Beauvechain et de Grez-Doiceau: -Ecole Caritas <a class=\"mh-excerpt-more\" href=\"https:\/\/ecolecaritas.be\/new\/le-club-des-six\/\" title=\"Le club des six\">[&#8230;]<\/a><\/p>\n<\/div>","protected":false},"author":1,"featured_media":0,"parent":0,"menu_order":0,"comment_status":"closed","ping_status":"open","template":"","meta":{"footnotes":""},"class_list":["post-25","page","type-page","status-publish","hentry"],"_links":{"self":[{"href":"https:\/\/ecolecaritas.be\/new\/wp-json\/wp\/v2\/pages\/25","targetHints":{"allow":["GET"]}}],"collection":[{"href":"https:\/\/ecolecaritas.be\/new\/wp-json\/wp\/v2\/pages"}],"about":[{"href":"https:\/\/ecolecaritas.be\/new\/wp-json\/wp\/v2\/types\/page"}],"author":[{"embeddable":true,"href":"https:\/\/ecolecaritas.be\/new\/wp-json\/wp\/v2\/users\/1"}],"replies":[{"embeddable":true,"href":"https:\/\/ecolecaritas.be\/new\/wp-json\/wp\/v2\/comments?post=25"}],"version-history":[{"count":4,"href":"https:\/\/ecolecaritas.be\/new\/wp-json\/wp\/v2\/pages\/25\/revisions"}],"predecessor-version":[{"id":160724,"href":"https:\/\/ecolecaritas.be\/new\/wp-json\/wp\/v2\/pages\/25\/revisions\/160724"}],"wp:attachment":[{"href":"https:\/\/ecolecaritas.be\/new\/wp-json\/wp\/v2\/media?parent=25"}],"curies":[{"name":"wp","href":"https:\/\/api.w.org\/{rel}","templated":true}]}}