{"id":31,"date":"2014-12-09T13:22:39","date_gmt":"2014-12-09T13:22:39","guid":{"rendered":"http:\/\/ecolecaritas.be\/new\/?page_id=31"},"modified":"2024-03-21T21:04:51","modified_gmt":"2024-03-21T20:04:51","slug":"inscriptions","status":"publish","type":"page","link":"https:\/\/ecolecaritas.be\/new\/inscriptions\/","title":{"rendered":"Inscriptions"},"content":{"rendered":"<p style=\"text-align: center;\"><strong>Inscriptions 2024-2025: tous les jours jusqu&rsquo;au 5 juillet, puis \u00e0 partir du 19 ao\u00fbt<\/strong><\/p>\n<p style=\"text-align: center;\"><strong>Prendre rendez-vous au 0475 97 25 92 <\/strong><\/p>\n<p>Comment inscrire un enfant dans notre \u00e9cole\u00a0?<\/p>\n<p>Les demandes d\u2019inscription se font toute l\u2019ann\u00e9e. Nous vous invitons \u00e0 prendre un rendez-vous avec la Direction (010\/86.64.51 ou 0475\/97.25.92). Il vous sera propos\u00e9 de visiter nos b\u00e2timents et de prendre connaissance des priorit\u00e9s p\u00e9dagogiques et \u00e9ducatives de notre \u00e9cole.<\/p>\n<p>Une fois votre d\u00e9cision prise, vous compl\u00e9terez le formulaire d&rsquo;inscription.<\/p>\n<p><em><strong>Ce que nous dit la Loi\u00a0:<\/strong>\u00a0Toute demande d\u2019inscription d\u2019un \u00e9l\u00e8ve \u00e9mane des parents ou de la personne l\u00e9galement responsable. Elle peut \u00e9galement \u00e9maner d\u2019une personne qui assure la garde de fait du mineur, pour autant que celle-ci puisse se pr\u00e9valoir d\u2019un mandat express d\u2019une personne vis\u00e9e \u00e0 l\u2019alin\u00e9a 1 ou d\u2019un document administratif officiel \u00e9tablissant \u00e0 suffisance son droit de garde. (article 3 de la loi du 29 juin 1983 sur l\u2019obligation scolaire).<\/em><\/p>\n<p><em>La demande d\u2019inscription est introduite aupr\u00e8s de la direction de l\u2019\u00e9tablissement au plus tard le premier jour ouvrable du mois de septembre. Pour des raisons exceptionnelles et motiv\u00e9es, soumises \u00e0 l\u2019appr\u00e9ciation du chef de l\u2019\u00e9tablissement, l\u2019inscription peut \u00eatre prise jusqu\u2019au 15 septembre. Au-del\u00e0 de cette date, seul le Ministre peut accorder une d\u00e9rogation \u00e0 l\u2019\u00e9l\u00e8ve qui, pour des raisons exceptionnelles et motiv\u00e9es, n\u2019est pas r\u00e9guli\u00e8rement inscrit dans un \u00e9tablissement d\u2019enseignement.<\/em><\/p>\n<p><em>Avant l\u2019inscription, l\u2019\u00e9l\u00e8ve et ses parents auront pris connaissance des documents suivants\u00a0:<\/em><\/p>\n<ol>\n<li><em>Le projet \u00e9ducatif et le projet p\u00e9dagogique du Pouvoir Organisateur.<\/em><\/li>\n<li><em>Le projet d\u2019\u00e9tablissement.<\/em><\/li>\n<li><em>Le r\u00e8glement des \u00e9tudes.<\/em><\/li>\n<li><em>Le r\u00e8glement d\u2019ordre int\u00e9rieur. Par la signature du document d\u2019inscription de l\u2019\u00e9l\u00e8ve dans l\u2019\u00e9tablissement, les parents et l\u2019\u00e9l\u00e8ve en acceptent les termes.(Cfr. articles 76 et 79 du D\u00e9cret \u00ab\u00a0Missions\u00a0\u00bb du 24 juillet 1997).<\/em><\/li>\n<\/ol>\n<p><em>N.B.<\/em><br \/>\n<em> L\u2019inscription n\u2019est valable que si elle est avalis\u00e9e par le directeur d\u2019\u00e9cole.<\/em><br \/>\n<em> Par manque de place, les inscriptions peuvent \u00eatre cl\u00f4tur\u00e9es avant le premier jour ouvrable du mois de septembre.<\/em><br \/>\n<em> Nul n\u2019est admis comme \u00e9l\u00e8ve r\u00e9gulier, s\u2019il ne satisfait aux conditions fix\u00e9es par les dispositions l\u00e9gales, d\u00e9cr\u00e9tales, r\u00e9glementaires fix\u00e9es en la mati\u00e8re.<\/em><br \/>\n<em> L\u2019\u00e9l\u00e8ve n\u2019acquiert la qualit\u00e9 d\u2019\u00e9l\u00e8ve r\u00e9guli\u00e8rement inscrit dans l\u2019\u00e9tablissement que lorsque son dossier administratif est complet.<\/em><\/p>\n","protected":false},"excerpt":{"rendered":"<div class=\"mh-excerpt\"><p>Inscriptions 2024-2025: tous les jours jusqu&rsquo;au 5 juillet, puis \u00e0 partir du 19 ao\u00fbt Prendre rendez-vous au 0475 97 25 92 Comment inscrire un enfant <a class=\"mh-excerpt-more\" href=\"https:\/\/ecolecaritas.be\/new\/inscriptions\/\" title=\"Inscriptions\">[&#8230;]<\/a><\/p>\n<\/div>","protected":false},"author":1,"featured_media":0,"parent":0,"menu_order":0,"comment_status":"closed","ping_status":"open","template":"","meta":{"footnotes":""},"class_list":["post-31","page","type-page","status-publish","hentry"],"_links":{"self":[{"href":"https:\/\/ecolecaritas.be\/new\/wp-json\/wp\/v2\/pages\/31","targetHints":{"allow":["GET"]}}],"collection":[{"href":"https:\/\/ecolecaritas.be\/new\/wp-json\/wp\/v2\/pages"}],"about":[{"href":"https:\/\/ecolecaritas.be\/new\/wp-json\/wp\/v2\/types\/page"}],"author":[{"embeddable":true,"href":"https:\/\/ecolecaritas.be\/new\/wp-json\/wp\/v2\/users\/1"}],"replies":[{"embeddable":true,"href":"https:\/\/ecolecaritas.be\/new\/wp-json\/wp\/v2\/comments?post=31"}],"version-history":[{"count":17,"href":"https:\/\/ecolecaritas.be\/new\/wp-json\/wp\/v2\/pages\/31\/revisions"}],"predecessor-version":[{"id":160707,"href":"https:\/\/ecolecaritas.be\/new\/wp-json\/wp\/v2\/pages\/31\/revisions\/160707"}],"wp:attachment":[{"href":"https:\/\/ecolecaritas.be\/new\/wp-json\/wp\/v2\/media?parent=31"}],"curies":[{"name":"wp","href":"https:\/\/api.w.org\/{rel}","templated":true}]}}