{"id":37,"date":"2015-09-01T09:24:22","date_gmt":"2015-09-01T09:24:22","guid":{"rendered":"http:\/\/ecolecaritas.be\/new\/?page_id=37"},"modified":"2025-09-07T19:36:14","modified_gmt":"2025-09-07T17:36:14","slug":"infos-generales","status":"publish","type":"page","link":"https:\/\/ecolecaritas.be\/new\/infos-generales\/","title":{"rendered":"Eph\u00e9m\u00e9rides pour 2025-2026"},"content":{"rendered":"\n<p class=\"has-vivid-red-color has-text-color\">Cong\u00e9s<\/p>\n\n\n\n<ul class=\"wp-block-list\">\n<li>Rentr\u00e9e scolaire: lundi 25 ao\u00fbt 2025<\/li>\n\n\n\n<li>F\u00eate de la Communaut\u00e9 fran\u00e7aise samedi 27 septembre 2025<\/li>\n\n\n\n<li>Cong\u00e9 d&rsquo;automne (Toussaint): du lundi 20 octobre 2025 au dimanche 2 novembre 2025<\/li>\n\n\n\n<li>Jour de l&rsquo;Armistice: mardi 11 novembre 2025<\/li>\n\n\n\n<li>Vacances d&rsquo;hiver (No\u00ebl): du lundi 22 d\u00e9cembre 2025 au dimanche 4 janvier 2026<\/li>\n\n\n\n<li>Cong\u00e9 de d\u00e9tente (Carnaval): du lundi 16 f\u00e9vrier 2026 au dimanche 1er mars 2026<\/li>\n\n\n\n<li>Lundi de P\u00e2ques: lundi 6 avril 2026<\/li>\n\n\n\n<li>Vacances de printemps (P\u00e2ques): du lundi 27 avril 2026 au dimanche 10 mai 2026<\/li>\n\n\n\n<li>Jeudi de l&rsquo;Ascension: jeudi 14 mai 2026<\/li>\n\n\n\n<li>Lundi de Pentec\u00f4te: lundi 25 mai 2026<\/li>\n\n\n\n<li>Les vacances d&rsquo;\u00e9t\u00e9 d\u00e9butent le samedi 4 juillet 2026<\/li>\n<\/ul>\n\n\n\n<p class=\"has-vivid-red-color has-text-color\">R\u00e9union de rentr\u00e9e parents-professeurs :<\/p>\n\n\n\n<p>&#8211; Le mercredi 3 septembre 2024 \u00e0 partir de 18h30.<\/p>\n\n\n\n<p><\/p>\n\n\n\n<p class=\"has-vivid-red-color has-text-color\">Journ\u00e9es p\u00e9dagogiques \/ Formation de toute l\u2019\u00e9quipe :<\/p>\n\n\n\n<ul class=\"wp-block-list\">\n<li>Le 18 novembre 2025<\/li>\n<\/ul>\n\n\n\n<ul class=\"wp-block-list\">\n<li>Le 16 janvier 2026<\/li>\n<\/ul>\n\n\n\n<ul class=\"wp-block-list\">\n<li>Le 27 mars 2026<\/li>\n<\/ul>\n\n\n\n<p><\/p>\n\n\n\n<p class=\"has-vivid-red-color has-text-color\">Bulletins :<\/p>\n\n\n\n<ul class=\"wp-block-list\">\n<li>P\u00e9riode 1 : lundi 1 d\u00e9cembre 2025<\/li>\n\n\n\n<li>P\u00e9riode 2 : lundi 23 mars 2026<\/li>\n\n\n\n<li>P\u00e9riode 3 : lundi 29 juin 2026<\/li>\n<\/ul>\n\n\n\n<p><\/p>\n\n\n\n<p class=\"has-vivid-red-color has-text-color\">Festivit\u00e9s :<\/p>\n\n\n\n<ul class=\"wp-block-list\">\n<li>C\u00e9l\u00e9bration de No\u00ebl : jeudi 18 d\u00e9cembre 2025<\/li>\n\n\n\n<li>F\u00eate de l\u2019\u00e9cole : le samedi 30 mai 2026<\/li>\n\n\n\n<li>Semaine du CEB : du jeudi 18 juin 2026 au mardi 23 juin 2026<\/li>\n\n\n\n<li>Remise des dipl\u00f4mes et ap\u00e9ros de fin d\u2019ann\u00e9e : le jeudi 2 juillet 2026<\/li>\n\n\n\n<li>Journ\u00e9es Castors pour travailler \u00e0 la r\u00e9alisation de notre projet \u00ab Une classe dehors et un parcours d\u2019\u00e9quilibre \u00bb : les samedis 13 septembre, 27 septembre, 11 octobre et 8 novembre<\/li>\n\n\n\n<li>Et\u2026 D\u2019autres \u00e9v\u00e9nements organis\u00e9s par notre fabuleuse Association de Parents (vente de gaufres, de glaces, de chocolats chauds, \u2026)<\/li>\n<\/ul>\n","protected":false},"excerpt":{"rendered":"<div class=\"mh-excerpt\"><p>Cong\u00e9s R\u00e9union de rentr\u00e9e parents-professeurs : &#8211; Le mercredi 3 septembre 2024 \u00e0 partir de 18h30. Journ\u00e9es p\u00e9dagogiques \/ Formation de toute l\u2019\u00e9quipe : Bulletins <a class=\"mh-excerpt-more\" href=\"https:\/\/ecolecaritas.be\/new\/infos-generales\/\" title=\"Eph\u00e9m\u00e9rides pour 2025-2026\">[&#8230;]<\/a><\/p>\n<\/div>","protected":false},"author":1,"featured_media":0,"parent":0,"menu_order":0,"comment_status":"closed","ping_status":"open","template":"","meta":{"footnotes":""},"class_list":["post-37","page","type-page","status-publish","hentry"],"_links":{"self":[{"href":"https:\/\/ecolecaritas.be\/new\/wp-json\/wp\/v2\/pages\/37","targetHints":{"allow":["GET"]}}],"collection":[{"href":"https:\/\/ecolecaritas.be\/new\/wp-json\/wp\/v2\/pages"}],"about":[{"href":"https:\/\/ecolecaritas.be\/new\/wp-json\/wp\/v2\/types\/page"}],"author":[{"embeddable":true,"href":"https:\/\/ecolecaritas.be\/new\/wp-json\/wp\/v2\/users\/1"}],"replies":[{"embeddable":true,"href":"https:\/\/ecolecaritas.be\/new\/wp-json\/wp\/v2\/comments?post=37"}],"version-history":[{"count":27,"href":"https:\/\/ecolecaritas.be\/new\/wp-json\/wp\/v2\/pages\/37\/revisions"}],"predecessor-version":[{"id":162842,"href":"https:\/\/ecolecaritas.be\/new\/wp-json\/wp\/v2\/pages\/37\/revisions\/162842"}],"wp:attachment":[{"href":"https:\/\/ecolecaritas.be\/new\/wp-json\/wp\/v2\/media?parent=37"}],"curies":[{"name":"wp","href":"https:\/\/api.w.org\/{rel}","templated":true}]}}