{"id":91,"date":"2014-12-10T09:15:22","date_gmt":"2014-12-10T09:15:22","guid":{"rendered":"http:\/\/ecolecaritas.be\/new\/?page_id=91"},"modified":"2022-10-27T21:39:43","modified_gmt":"2022-10-27T19:39:43","slug":"projet-educatif","status":"publish","type":"page","link":"https:\/\/ecolecaritas.be\/new\/projet-educatif\/","title":{"rendered":"Projet \u00e9ducatif"},"content":{"rendered":"<p>L\u2019\u00e9cole Caritas est une \u00e9cole libre catholique.<\/p>\n<p>Tout ce qui s\u2019y vit s\u2019inspire de trois options fondamentales&nbsp;:<\/p>\n<p>&nbsp;<\/p>\n<ol>\n<li><strong>Cr\u00e9er une communaut\u00e9 scolaire anim\u00e9e d\u2019un esprit \u00e9vang\u00e9lique.<\/strong><\/li>\n<\/ol>\n<ul>\n<li>C\u2019est en partant de la conception chr\u00e9tienne de la vie et en l\u2019int\u00e9grant \u00e0 l\u2019organisation de l\u2019\u00e9cole que les \u00e9l\u00e8ves, les parents, les enseignants et tous les partenaires parviendront \u00e0 cr\u00e9er une communaut\u00e9 \u00e9ducative \u00e0 la lumi\u00e8re de l\u2019Evangile.<\/li>\n<li>Cette communaut\u00e9 sera concr\u00e9tis\u00e9e \u00e0 travers les projets que ces partenaires r\u00e9aliseront ensemble.<\/li>\n<\/ul>\n<p>&nbsp;<\/p>\n<ol>\n<li><strong>D\u00e9velopper la personnalit\u00e9 de l\u2019enfant en tant que cr\u00e9ature nouvelle.<\/strong><\/li>\n<\/ol>\n<ul>\n<li>L\u2019\u00e9cole chr\u00e9tienne veut \u00e9duquer tout l\u2019enfant.<\/li>\n<li>Elle vise ainsi toutes les composantes de sa personnalit\u00e9 et concourt \u00e0 leur \u00e9quilibre pour tendre vers leur plein \u00e9panouissement.<\/li>\n<li>Elle aide aussi l\u2019enfant \u00e0 prendre conscience de sa vie int\u00e9rieure pour lui permettre d\u2019entrer en relation avec J\u00e9sus-Christ.<\/li>\n<li>Elle a \u00e9galement pour t\u00e2che de l\u2019aider \u00e0 exp\u00e9rimenter, dans son v\u00e9cu scolaire, toutes les valeurs chr\u00e9tiennes et en particulier, la responsabilit\u00e9, la solidarit\u00e9 et le respect de la personne.<\/li>\n<\/ul>\n<p>&nbsp;<\/p>\n<ol start=\"3\">\n<li>Faire acqu\u00e9rir une connaissance du monde, de la vie et de l\u2019homme \u00e9clair\u00e9e par la foi.<\/li>\n<\/ol>\n<ul>\n<li>L\u2019enseignement est con\u00e7u comme un engagement dans la perspective d\u2019une vision et d\u2019une vie chr\u00e9tienne.<\/li>\n<li>Il propose une formation fond\u00e9e sur la culture constamment illumin\u00e9e par la foi.<\/li>\n<\/ul>\n<p>&nbsp;<\/p>\n<p>L\u2019\u00e9cole Caritas s\u2019efforce d\u2019assumer les missions prioritaires de l\u2019\u00e9cole fondamentale telles qu\u2019elles sont fix\u00e9es par le d\u00e9cret de la Communaut\u00e9 fran\u00e7aise du 24 juillet 1997.<\/p>\n<p>Elle poursuit les objectifs suivants&nbsp;:<\/p>\n<p>&nbsp;<\/p>\n<p>Promouvoir la confiance en soi et le d\u00e9veloppement de la personne de chacun des \u00e9l\u00e8ves.<\/p>\n<p>&nbsp;<\/p>\n<p>Amener tous les \u00e9l\u00e8ves \u00e0 s\u2019approprier des savoirs et \u00e0 acqu\u00e9rir des comp\u00e9tences qui les rendent aptes \u00e0 apprendre toute leur vie et \u00e0 prendre une place active dans la vie \u00e9conomique, sociale et culturelle.<\/p>\n<p>&nbsp;<\/p>\n<p>Pr\u00e9parer tous les \u00e9l\u00e8ves \u00e0 \u00eatre des citoyens responsables, capables de contribuer au d\u00e9veloppement d\u2019une soci\u00e9t\u00e9 d\u00e9mocratique, solidaire, pluraliste et ouverte aux autres cultures.<\/p>\n<p>&nbsp;<\/p>\n<p>Assurer \u00e0 tous les \u00e9l\u00e8ves des chances \u00e9gales d\u2019\u00e9mancipation sociale.<\/p>\n<p>&nbsp;<\/p>\n","protected":false},"excerpt":{"rendered":"<div class=\"mh-excerpt\"><p>L\u2019\u00e9cole Caritas est une \u00e9cole libre catholique. Tout ce qui s\u2019y vit s\u2019inspire de trois options fondamentales&nbsp;: &nbsp; Cr\u00e9er une communaut\u00e9 scolaire anim\u00e9e d\u2019un esprit <a class=\"mh-excerpt-more\" href=\"https:\/\/ecolecaritas.be\/new\/projet-educatif\/\" title=\"Projet \u00e9ducatif\">[&#8230;]<\/a><\/p>\n<\/div>","protected":false},"author":1,"featured_media":0,"parent":0,"menu_order":0,"comment_status":"closed","ping_status":"open","template":"","meta":{"footnotes":""},"class_list":["post-91","page","type-page","status-publish","hentry"],"_links":{"self":[{"href":"https:\/\/ecolecaritas.be\/new\/wp-json\/wp\/v2\/pages\/91","targetHints":{"allow":["GET"]}}],"collection":[{"href":"https:\/\/ecolecaritas.be\/new\/wp-json\/wp\/v2\/pages"}],"about":[{"href":"https:\/\/ecolecaritas.be\/new\/wp-json\/wp\/v2\/types\/page"}],"author":[{"embeddable":true,"href":"https:\/\/ecolecaritas.be\/new\/wp-json\/wp\/v2\/users\/1"}],"replies":[{"embeddable":true,"href":"https:\/\/ecolecaritas.be\/new\/wp-json\/wp\/v2\/comments?post=91"}],"version-history":[{"count":3,"href":"https:\/\/ecolecaritas.be\/new\/wp-json\/wp\/v2\/pages\/91\/revisions"}],"predecessor-version":[{"id":156500,"href":"https:\/\/ecolecaritas.be\/new\/wp-json\/wp\/v2\/pages\/91\/revisions\/156500"}],"wp:attachment":[{"href":"https:\/\/ecolecaritas.be\/new\/wp-json\/wp\/v2\/media?parent=91"}],"curies":[{"name":"wp","href":"https:\/\/api.w.org\/{rel}","templated":true}]}}